{"id":3104,"date":"2019-10-02T10:45:37","date_gmt":"2019-10-02T08:45:37","guid":{"rendered":"https:\/\/aretency.com\/?page_id=3104"},"modified":"2024-07-02T15:11:01","modified_gmt":"2024-07-02T13:11:01","slug":"politica-sulla-privacy","status":"publish","type":"page","link":"https:\/\/aretency.com\/it\/politica-sulla-privacy\/","title":{"rendered":"Politica sulla privacy"},"content":{"rendered":"\n<div id=\"cmplz-document\" class=\"cmplz-document cookie-statement cmplz-document-eu\">\n<h2>1 : Premessa<\/h2>\n<p>Questa politica sulla privacy si applica al sito web attuale: https:\/\/aretency.com\/.<\/p>\n<p>La presente politica sulla privacy ha lo scopo di esporre agli utenti del sito web:<\/p>\n<ul>\n<li>Il modo in cui vengono raccolti e trattati i loro dati personali. Devono essere considerate come dati personali tutte le informazioni che possono identificare un utente. Questi includono in particolare nome, cognome, et\u00e0, indirizzo postale, indirizzo email, localizzazione dell&#8217;utente o indirizzo IP;<\/li>\n<li>Quali sono i diritti degli utenti riguardo a questi dati;<\/li>\n<li>Chi \u00e8 responsabile del trattamento dei dati personali raccolti e trattati;<\/li>\n<li>A chi vengono trasmessi questi dati;<\/li>\n<li>Eventualmente, la politica del sito in materia di file &#8220;cookie&#8221;.<\/li>\n<\/ul>\n<h2>2 : Principi generali sulla raccolta e il trattamento dei dati<\/h2>\n<p>Conformemente alle disposizioni dell&#8217;articolo 5 del Regolamento europeo 2016\/679, la raccolta e il trattamento dei dati degli utenti del sito rispettano i seguenti principi:<\/p>\n<ul>\n<li>Legalit\u00e0, correttezza e trasparenza: i dati possono essere raccolti e trattati solo con il consenso dell&#8217;utente proprietario dei dati. Ogni volta che vengono raccolti dati personali, sar\u00e0 indicato all&#8217;utente che i suoi dati vengono raccolti e per quali motivi;<\/li>\n<li>Finalit\u00e0 limitate: la raccolta e il trattamento dei dati vengono eseguiti per rispondere a uno o pi\u00f9 obiettivi determinati nelle presenti condizioni generali di utilizzo;<\/li>\n<li>Minimizzazione della raccolta e del trattamento dei dati: vengono raccolti solo i dati necessari per il corretto svolgimento degli obiettivi perseguiti dal sito;<\/li>\n<li>Conservazione dei dati ridotta nel tempo: i dati vengono conservati per un periodo di tempo limitato, di cui l&#8217;utente \u00e8 informato. Quando queste informazioni non possono essere comunicate, l&#8217;utente viene informato sui criteri utilizzati per determinare la durata della conservazione;<\/li>\n<li>Integrit\u00e0 e riservatezza dei dati raccolti e trattati: il responsabile del trattamento dei dati si impegna a garantire l&#8217;integrit\u00e0 e la riservatezza dei dati raccolti.<\/li>\n<\/ul>\n<p>Per essere legittimi, e in conformit\u00e0 con i requisiti dell&#8217;articolo 6 del regolamento europeo 2016\/679, la raccolta e il trattamento dei dati personali possono avvenire solo se rispettano almeno una delle condizioni elencate di seguito:<\/p>\n<ul>\n<li>L&#8217;utente ha espressamente acconsentito al trattamento;<\/li>\n<li>Il trattamento \u00e8 necessario per la corretta esecuzione di un contratto;<\/li>\n<li>Il trattamento risponde a un obbligo legale;<\/li>\n<li>Il trattamento \u00e8 spiegabile da una necessit\u00e0 legata alla salvaguardia degli interessi vitali della persona interessata o di un&#8217;altra persona fisica;<\/li>\n<li>Il trattamento pu\u00f2 essere spiegato da una necessit\u00e0 legata all&#8217;esecuzione di una missione di interesse pubblico o che rientra nell&#8217;esercizio dell&#8217;autorit\u00e0 pubblica;<\/li>\n<li>Il trattamento e la raccolta dei dati personali sono necessari per gli scopi legittimi e privati perseguiti dal responsabile del trattamento o da un terzo.<\/li>\n<\/ul>\n<h2>3 : Dati personali raccolti e trattati durante la navigazione sul sito<\/h2>\n<h3>Dati raccolti e trattati e modalit\u00e0 di raccolta<\/h3>\n<p>I dati personali raccolti su questo sito web sono i seguenti:<\/p>\n<ul>\n<li>Nome, cognome<\/li>\n<li>Azienda<\/li>\n<li>Indirizzo email<\/li>\n<\/ul>\n<p>Questi dati vengono raccolti quando l&#8217;utente effettua una delle seguenti operazioni sul sito:<\/p>\n<ul>\n<li>Invio di un messaggio tramite il modulo di contatto del sito.<\/li>\n<\/ul>\n<p>Il responsabile del trattamento conserver\u00e0 nei suoi sistemi informatici del sito e in condizioni ragionevoli di sicurezza tutti i dati raccolti per un periodo di 3 anni.<\/p>\n<p>La raccolta e il trattamento dei dati rispondono alle seguenti finalit\u00e0:<\/p>\n<ul>\n<li>Rispondere alle richieste inviate tramite il modulo di contatto<\/li>\n<\/ul>\n<h3>Trasmissione dei dati a terzi<\/h3>\n<p>I dati personali raccolti dal sito non vengono trasmessi a terzi e vengono trattati solo dall&#8217;editore del sito.<\/p>\n<h2>4 : Responsabile del trattamento dei dati<\/h2>\n<h3>Il responsabile del trattamento dei dati<\/h3>\n<p>Il responsabile del trattamento dei dati personali \u00e8 Arentecy &#8211; federica@aretency.com<\/p>\n<p>Il responsabile del trattamento dei dati \u00e8 incaricato di determinare le finalit\u00e0 e i mezzi posti al servizio del trattamento dei dati personali.<\/p>\n<h3>Obblighi del responsabile del trattamento dei dati<\/h3>\n<p>Il responsabile del trattamento si impegna a proteggere i dati personali raccolti, a non trasmetterli a terzi senza che l&#8217;utente ne sia informato e a rispettare le finalit\u00e0 per le quali questi dati sono stati raccolti.<\/p>\n<p>Il sito dispone di un certificato SSL per garantire che le informazioni e il trasferimento dei dati che transitano tramite il sito siano sicuri.<\/p>\n<p>Un certificato SSL (&#8220;Secure Socket Layer&#8221; Certificate) ha lo scopo di proteggere i dati scambiati tra l&#8217;utente e il sito.<\/p>\n<p>Inoltre, il responsabile del trattamento dei dati si impegna a notificare l&#8217;utente in caso di rettifica o cancellazione dei dati, a meno che ci\u00f2 non comporti per lui formalit\u00e0, costi e procedure sproporzionati.<\/p>\n<p>Nel caso in cui l&#8217;integrit\u00e0, la riservatezza o la sicurezza dei dati personali dell&#8217;utente sia compromessa, il responsabile del trattamento si impegna a informare l&#8217;utente con qualsiasi mezzo.<\/p>\n<h2>5 : Diritti dell&#8217;utente<\/h2>\n<p>In conformit\u00e0 alla normativa relativa al trattamento dei dati personali, l&#8217;utente possiede i seguenti diritti elencati di seguito.<\/p>\n<p>Affinch\u00e9 il responsabile del trattamento dei dati soddisfi la sua richiesta, l&#8217;utente \u00e8 tenuto a comunicargli: il suo nome e cognome e il suo indirizzo email.<\/p>\n<p>Il responsabile del trattamento dei dati \u00e8 tenuto a rispondere all&#8217;utente entro un massimo di 30 (trenta) giorni.<\/p>\n<h3>Presentazione dei diritti dell&#8217;utente in materia di raccolta e trattamento dei dati<\/h3>\n<h4>Diritto di accesso, rettifica e cancellazione<\/h4>\n<p>L&#8217;utente pu\u00f2 prendere conoscenza, aggiornare, modificare o richiedere la cancellazione dei dati che lo riguardano, seguendo la procedura di seguito indicata:<\/p>\n<p>L&#8217;utente deve inviare la sua richiesta tramite email a federica@aretency.com<\/p>\n<h4>Diritto alla portabilit\u00e0 dei dati<\/h4>\n<p>L&#8217;utente ha il diritto di richiedere la portabilit\u00e0 dei propri dati personali, detenuti dal sito, verso un altro sito, conformandosi alla procedura di seguito indicata:<\/p>\n<p>L&#8217;utente deve inviare la sua richiesta tramite email a federica@aretency.com<\/p>\n<h4>Diritto alla limitazione e all&#8217;opposizione del trattamento dei dati<\/h4>\n<p>L&#8217;utente ha il diritto di richiedere la limitazione o di opporsi al trattamento dei suoi dati da parte del sito, senza che il sito possa rifiutare, salvo dimostrare l&#8217;esistenza di motivi legittimi e impellenti, che prevalgano sugli interessi, i diritti e le libert\u00e0 dell&#8217;utente.<\/p>\n<p>Per richiedere la limitazione del trattamento dei suoi dati o per presentare opposizione al trattamento dei suoi dati, l&#8217;utente deve seguire la procedura seguente:<\/p>\n<p>L&#8217;utente deve inviare la sua richiesta tramite email a federica@aretency.com<\/p>\n<h4>Diritto di non essere oggetto di una decisione basata esclusivamente su un processo automatizzato<\/h4>\n<p>Conformemente alle disposizioni del regolamento 2016\/679, l&#8217;utente ha il diritto di non essere oggetto di una decisione basata esclusivamente su un processo automatizzato se la decisione produce effetti giuridici che lo riguardano, o lo riguarda in modo significativo in maniera simile.<\/p>\n<h4>Diritto di determinare il destino dei dati dopo la morte<\/h4>\n<p>Si ricorda all&#8217;utente che pu\u00f2 organizzare quale deve essere il destino dei suoi dati raccolti e trattati in caso di decesso, in conformit\u00e0 alla legge n\u00b02016-1321 del 7 ottobre 2016.<\/p>\n<h4>Diritto di rivolgersi all&#8217;autorit\u00e0 di controllo competente<\/h4>\n<p>Nel caso in cui il responsabile del trattamento dei dati decida di non rispondere alla richiesta dell&#8217;utente, e l&#8217;utente desideri contestare tale decisione, o, se ritiene che venga violato uno dei diritti sopra elencati, ha il diritto di rivolgersi alla CNIL (Commission Nationale de l\u2019Informatique et des Libert\u00e9s, https:\/\/www.cnil.fr) o a qualsiasi giudice competente.<\/p>\n<h4>Dati personali dei minori<\/h4>\n<p>Conformemente alle disposizioni dell&#8217;articolo 8 del regolamento europeo 2016\/679 e alla legge Informatica e Libert\u00e0, solo i minori di 15 anni o pi\u00f9 possono acconsentire al trattamento dei propri dati personali.<\/p>\n<p>Se l&#8217;utente \u00e8 un minore di meno di 15 anni, sar\u00e0 richiesto il consenso di un rappresentante legale affinch\u00e9 possano essere raccolti e trattati dati personali.<\/p>\n<p>L&#8217;editore del sito si riserva il diritto di verificare con qualsiasi mezzo che l&#8217;utente abbia pi\u00f9 di 15 anni, o che abbia ottenuto il consenso di un rappresentante legale prima di navigare sul sito.<\/p>\n<h2>6 : Utilizzo dei file &#8220;cookie&#8221;<\/h2>\n<p>Il sito pu\u00f2 fare uso delle tecniche di &#8220;cookie&#8221;.<\/p>\n<p>Un &#8220;cookie&#8221; \u00e8 un file di piccole dimensioni (meno di 4 kb), memorizzato dal sito sul disco rigido dell&#8217;utente, contenente informazioni relative alle abitudini di navigazione dell&#8217;utente.<\/p>\n<p>Per saperne di pi\u00f9, si prega di consultare la nostra politica sui cookie.<\/p>\n<h2>7 : Condizioni di modifica della politica sulla privacy<\/h2>\n<p>La presente politica sulla privacy pu\u00f2 essere consultata in qualsiasi momento alla seguente pagina.<\/p>\n<p>L&#8217;editore del sito si riserva il diritto di modificarla per garantire la sua conformit\u00e0 alla legislazione vigente.<\/p>\n<p>Di conseguenza, l&#8217;utente \u00e8 invitato a consultare regolarmente questa politica sulla privacy per rimanere informato sugli ultimi cambiamenti che verranno apportati.<\/p>\n<p>Si informa l&#8217;utente che l&#8217;ultimo aggiornamento della presente politica sulla privacy \u00e8 avvenuto il: 29\/09\/2023<\/p>\n<\/div>\n\n","protected":false},"excerpt":{"rendered":"<p> [&hellip;]<\/p>\n","protected":false},"author":1,"featured_media":0,"parent":0,"menu_order":99,"comment_status":"closed","ping_status":"closed","template":"","meta":{"_acf_changed":false,"site-sidebar-layout":"default","site-content-layout":"default","ast-site-content-layout":"default","site-content-style":"default","site-sidebar-style":"default","ast-global-header-display":"","ast-banner-title-visibility":"","ast-main-header-display":"","ast-hfb-above-header-display":"","ast-hfb-below-header-display":"","ast-hfb-mobile-header-display":"","site-post-title":"","ast-breadcrumbs-content":"","ast-featured-img":"","footer-sml-layout":"","theme-transparent-header-meta":"disabled","adv-header-id-meta":"","stick-header-meta":"default","header-above-stick-meta":"","header-main-stick-meta":"","header-below-stick-meta":"","astra-migrate-meta-layouts":"set","ast-page-background-enabled":"default","ast-page-background-meta":{"desktop":{"background-color":"","background-image":"","background-repeat":"repeat","background-position":"center center","background-size":"auto","background-attachment":"scroll","background-type":"","background-media":"","overlay-type":"","overlay-color":"","overlay-opacity":"","overlay-gradient":""},"tablet":{"background-color":"","background-image":"","background-repeat":"repeat","background-position":"center center","background-size":"auto","background-attachment":"scroll","background-type":"","background-media":"","overlay-type":"","overlay-color":"","overlay-opacity":"","overlay-gradient":""},"mobile":{"background-color":"","background-image":"","background-repeat":"repeat","background-position":"center center","background-size":"auto","background-attachment":"scroll","background-type":"","background-media":"","overlay-type":"","overlay-color":"","overlay-opacity":"","overlay-gradient":""}},"ast-content-background-meta":{"desktop":{"background-color":"var(--ast-global-color-5)","background-image":"","background-repeat":"repeat","background-position":"center center","background-size":"auto","background-attachment":"scroll","background-type":"","background-media":"","overlay-type":"","overlay-color":"","overlay-opacity":"","overlay-gradient":""},"tablet":{"background-color":"var(--ast-global-color-5)","background-image":"","background-repeat":"repeat","background-position":"center center","background-size":"auto","background-attachment":"scroll","background-type":"","background-media":"","overlay-type":"","overlay-color":"","overlay-opacity":"","overlay-gradient":""},"mobile":{"background-color":"var(--ast-global-color-5)","background-image":"","background-repeat":"repeat","background-position":"center center","background-size":"auto","background-attachment":"scroll","background-type":"","background-media":"","overlay-type":"","overlay-color":"","overlay-opacity":"","overlay-gradient":""}},"footnotes":""},"class_list":["post-3104","page","type-page","status-publish","hentry"],"acf":[],"yoast_head":"<!-- This site is optimized with the Yoast SEO plugin v23.2 - https:\/\/yoast.com\/wordpress\/plugins\/seo\/ -->\n<title>Politica sulla privacy ~ Aretency<\/title>\n<meta name=\"description\" content=\"1 : Premessa Questa politica sulla privacy si applica al sito web attuale: https:\/\/aretency.com\/. La presente politica sulla privacy ha lo scopo di\" \/>\n<meta name=\"robots\" content=\"index, follow, max-snippet:-1, max-image-preview:large, max-video-preview:-1\" \/>\n<link rel=\"canonical\" href=\"https:\/\/aretency.com\/it\/politica-sulla-privacy\/\" \/>\n<meta property=\"og:locale\" content=\"it_IT\" \/>\n<meta property=\"og:type\" content=\"article\" \/>\n<meta property=\"og:title\" content=\"Politica sulla privacy ~ Aretency\" \/>\n<meta property=\"og:description\" content=\"1 : Premessa Questa politica sulla privacy si applica al sito web attuale: https:\/\/aretency.com\/. La presente politica sulla privacy ha lo scopo di\" \/>\n<meta property=\"og:url\" content=\"https:\/\/aretency.com\/it\/politica-sulla-privacy\/\" \/>\n<meta property=\"og:site_name\" content=\"Aretency\" \/>\n<meta property=\"article:modified_time\" content=\"2024-07-02T13:11:01+00:00\" \/>\n<meta name=\"twitter:card\" content=\"summary_large_image\" \/>\n<meta name=\"twitter:label1\" content=\"Tempo di lettura stimato\" \/>\n\t<meta name=\"twitter:data1\" content=\"7 minuti\" \/>\n<script type=\"application\/ld+json\" class=\"yoast-schema-graph\">{\"@context\":\"https:\/\/schema.org\",\"@graph\":[{\"@type\":\"WebPage\",\"@id\":\"https:\/\/aretency.com\/it\/politica-sulla-privacy\/\",\"url\":\"https:\/\/aretency.com\/it\/politica-sulla-privacy\/\",\"name\":\"Politica sulla privacy ~ Aretency\",\"isPartOf\":{\"@id\":\"https:\/\/aretency.com\/it\/#website\"},\"datePublished\":\"2019-10-02T08:45:37+00:00\",\"dateModified\":\"2024-07-02T13:11:01+00:00\",\"description\":\"1 : Premessa Questa politica sulla privacy si applica al sito web attuale: https:\/\/aretency.com\/. La presente politica sulla privacy ha lo scopo di\",\"breadcrumb\":{\"@id\":\"https:\/\/aretency.com\/it\/politica-sulla-privacy\/#breadcrumb\"},\"inLanguage\":\"it-IT\",\"potentialAction\":[{\"@type\":\"ReadAction\",\"target\":[\"https:\/\/aretency.com\/it\/politica-sulla-privacy\/\"]}]},{\"@type\":\"BreadcrumbList\",\"@id\":\"https:\/\/aretency.com\/it\/politica-sulla-privacy\/#breadcrumb\",\"itemListElement\":[{\"@type\":\"ListItem\",\"position\":1,\"name\":\"Accueil\",\"item\":\"https:\/\/aretency.com\/it\/home\/\"},{\"@type\":\"ListItem\",\"position\":2,\"name\":\"Politica sulla privacy\"}]},{\"@type\":\"WebSite\",\"@id\":\"https:\/\/aretency.com\/it\/#website\",\"url\":\"https:\/\/aretency.com\/it\/\",\"name\":\"Aretency\",\"description\":\"\",\"publisher\":{\"@id\":\"https:\/\/aretency.com\/it\/#organization\"},\"potentialAction\":[{\"@type\":\"SearchAction\",\"target\":{\"@type\":\"EntryPoint\",\"urlTemplate\":\"https:\/\/aretency.com\/it\/?s={search_term_string}\"},\"query-input\":\"required name=search_term_string\"}],\"inLanguage\":\"it-IT\"},{\"@type\":\"Organization\",\"@id\":\"https:\/\/aretency.com\/it\/#organization\",\"name\":\"Aretency\",\"url\":\"https:\/\/aretency.com\/it\/\",\"logo\":{\"@type\":\"ImageObject\",\"inLanguage\":\"it-IT\",\"@id\":\"https:\/\/aretency.com\/it\/#\/schema\/logo\/image\/\",\"url\":\"https:\/\/aretency.com\/wp-content\/uploads\/logo-aretency-2.png\",\"contentUrl\":\"https:\/\/aretency.com\/wp-content\/uploads\/logo-aretency-2.png\",\"width\":556,\"height\":192,\"caption\":\"Aretency\"},\"image\":{\"@id\":\"https:\/\/aretency.com\/it\/#\/schema\/logo\/image\/\"},\"sameAs\":[\"https:\/\/www.linkedin.com\/in\/federica-radaelli-50964166\/\"]}]}<\/script>\n<!-- \/ Yoast SEO plugin. -->","yoast_head_json":{"title":"Politica sulla privacy ~ Aretency","description":"1 : Premessa Questa politica sulla privacy si applica al sito web attuale: https:\/\/aretency.com\/. La presente politica sulla privacy ha lo scopo di","robots":{"index":"index","follow":"follow","max-snippet":"max-snippet:-1","max-image-preview":"max-image-preview:large","max-video-preview":"max-video-preview:-1"},"canonical":"https:\/\/aretency.com\/it\/politica-sulla-privacy\/","og_locale":"it_IT","og_type":"article","og_title":"Politica sulla privacy ~ Aretency","og_description":"1 : Premessa Questa politica sulla privacy si applica al sito web attuale: https:\/\/aretency.com\/. La presente politica sulla privacy ha lo scopo di","og_url":"https:\/\/aretency.com\/it\/politica-sulla-privacy\/","og_site_name":"Aretency","article_modified_time":"2024-07-02T13:11:01+00:00","twitter_card":"summary_large_image","twitter_misc":{"Tempo di lettura stimato":"7 minuti"},"schema":{"@context":"https:\/\/schema.org","@graph":[{"@type":"WebPage","@id":"https:\/\/aretency.com\/it\/politica-sulla-privacy\/","url":"https:\/\/aretency.com\/it\/politica-sulla-privacy\/","name":"Politica sulla privacy ~ Aretency","isPartOf":{"@id":"https:\/\/aretency.com\/it\/#website"},"datePublished":"2019-10-02T08:45:37+00:00","dateModified":"2024-07-02T13:11:01+00:00","description":"1 : Premessa Questa politica sulla privacy si applica al sito web attuale: https:\/\/aretency.com\/. La presente politica sulla privacy ha lo scopo di","breadcrumb":{"@id":"https:\/\/aretency.com\/it\/politica-sulla-privacy\/#breadcrumb"},"inLanguage":"it-IT","potentialAction":[{"@type":"ReadAction","target":["https:\/\/aretency.com\/it\/politica-sulla-privacy\/"]}]},{"@type":"BreadcrumbList","@id":"https:\/\/aretency.com\/it\/politica-sulla-privacy\/#breadcrumb","itemListElement":[{"@type":"ListItem","position":1,"name":"Accueil","item":"https:\/\/aretency.com\/it\/home\/"},{"@type":"ListItem","position":2,"name":"Politica sulla privacy"}]},{"@type":"WebSite","@id":"https:\/\/aretency.com\/it\/#website","url":"https:\/\/aretency.com\/it\/","name":"Aretency","description":"","publisher":{"@id":"https:\/\/aretency.com\/it\/#organization"},"potentialAction":[{"@type":"SearchAction","target":{"@type":"EntryPoint","urlTemplate":"https:\/\/aretency.com\/it\/?s={search_term_string}"},"query-input":"required name=search_term_string"}],"inLanguage":"it-IT"},{"@type":"Organization","@id":"https:\/\/aretency.com\/it\/#organization","name":"Aretency","url":"https:\/\/aretency.com\/it\/","logo":{"@type":"ImageObject","inLanguage":"it-IT","@id":"https:\/\/aretency.com\/it\/#\/schema\/logo\/image\/","url":"https:\/\/aretency.com\/wp-content\/uploads\/logo-aretency-2.png","contentUrl":"https:\/\/aretency.com\/wp-content\/uploads\/logo-aretency-2.png","width":556,"height":192,"caption":"Aretency"},"image":{"@id":"https:\/\/aretency.com\/it\/#\/schema\/logo\/image\/"},"sameAs":["https:\/\/www.linkedin.com\/in\/federica-radaelli-50964166\/"]}]}},"_links":{"self":[{"href":"https:\/\/aretency.com\/it\/wp-json\/wp\/v2\/pages\/3104"}],"collection":[{"href":"https:\/\/aretency.com\/it\/wp-json\/wp\/v2\/pages"}],"about":[{"href":"https:\/\/aretency.com\/it\/wp-json\/wp\/v2\/types\/page"}],"author":[{"embeddable":true,"href":"https:\/\/aretency.com\/it\/wp-json\/wp\/v2\/users\/1"}],"replies":[{"embeddable":true,"href":"https:\/\/aretency.com\/it\/wp-json\/wp\/v2\/comments?post=3104"}],"version-history":[{"count":1,"href":"https:\/\/aretency.com\/it\/wp-json\/wp\/v2\/pages\/3104\/revisions"}],"predecessor-version":[{"id":3105,"href":"https:\/\/aretency.com\/it\/wp-json\/wp\/v2\/pages\/3104\/revisions\/3105"}],"wp:attachment":[{"href":"https:\/\/aretency.com\/it\/wp-json\/wp\/v2\/media?parent=3104"}],"curies":[{"name":"wp","href":"https:\/\/api.w.org\/{rel}","templated":true}]}}