{"id":3106,"date":"2020-01-17T11:25:02","date_gmt":"2020-01-17T10:25:02","guid":{"rendered":"https:\/\/aretency.com\/?page_id=3106"},"modified":"2024-07-02T15:13:30","modified_gmt":"2024-07-02T13:13:30","slug":"note-legali","status":"publish","type":"page","link":"https:\/\/aretency.com\/it\/note-legali\/","title":{"rendered":"Note legali\u00a0"},"content":{"rendered":"\n<div id=\"cmplz-document\" class=\"cmplz-document cookie-statement cmplz-document-eu\">\n<p>Conformemente all&#8217;articolo n\u00b06 della Legge n\u00b02004-575 del 21 Giugno 2004 per la fiducia nell&#8217;economia digitale, i responsabili del presente sito web sono:<\/p>\n<ul>\n<li>Sito web: <a href=\"https:\/\/arentecy.com\/\">https:\/\/arentecy.com\/<\/a><\/li>\n<li>Editore del Sito: Federica Radaelli<\/li>\n<li>Registrazione azienda:<\/li>\n<li>Telefono: 0623401051<\/li>\n<li>Indirizzo email: <a href=\"mailto:federica@aretency.com\" target=\"_blank\" rel=\"noopener\">federica@aretency.com<\/a><\/li>\n<li>Direttore della pubblicazione: Federica Radaelli<\/li>\n<li>Hosting: Hostinger<\/li>\n<li>Creazione del sito: <a href=\"https:\/\/upmywp.com\/\">UPmyWP<\/a><\/li>\n<\/ul>\n<h2>Condizioni di utilizzo:<\/h2>\n<p>Questo sito \u00e8 offerto in diversi linguaggi web (HTML, HTML5, Javascript, CSS, ecc&#8230;). Per un miglior comfort di utilizzo e una grafica pi\u00f9 gradevole, vi consigliamo di utilizzare browser moderni come Internet Explorer, Safari, Firefox, Google Chrome, ecc&#8230;<\/p>\n<h2>Contenuto e servizi forniti:<\/h2>\n<p>L&#8217;editore del sito si sforza di fornire sul sito informazioni il pi\u00f9 precise possibile. Le informazioni presenti sul sito non sono esaustive.<\/p>\n<p>Le informazioni contenute nel sito non sono vincolanti e sono soggette a modifica in qualsiasi momento. Le informazioni presentate sul sito sono regolarmente aggiornate.<\/p>\n<p>L&#8217;editore del sito non garantisce in alcun modo che le funzioni contenute nel sito o l&#8217;accesso al sito saranno assicurati senza interruzione e senza errori, n\u00e9 che il sito o il server che li rende disponibili siano esenti da virus e altri componenti dannosi.<\/p>\n<p>L&#8217;editore del sito non pu\u00f2 essere ritenuto responsabile per un danno diretto o indiretto derivante dall&#8217;utilizzo di qualsiasi informazione contenuta in questo sito.<\/p>\n<h2>Limitazioni contrattuali sui dati:<\/h2>\n<p>Le informazioni contenute su questo sito sono il pi\u00f9 precise possibile e il sito viene aggiornato in diversi periodi dell&#8217;anno, ma pu\u00f2 comunque contenere inesattezze o omissioni. Se riscontrate una lacuna, errore o quello che sembra essere un malfunzionamento, vi preghiamo di segnalarlo via email descrivendo il problema nel modo pi\u00f9 preciso possibile (pagina che causa il problema, tipo di computer e browser utilizzato, ecc&#8230;).<\/p>\n<h2>Propriet\u00e0 intellettuale:<\/h2>\n<p>Tutto il contenuto del presente sito web, inclusi, a titolo non limitativo, testi, grafica, video, animazioni, suoni, nonch\u00e9 la loro disposizione, \u00e8 di propriet\u00e0 dell&#8217;editore del sito, ad eccezione di marchi, loghi, immagini o contenuti appartenenti ad altre societ\u00e0 partner o autori che sono di propriet\u00e0 dei rispettivi titolari.<\/p>\n<p>Un certo numero di immagini proviene da fototeche in cui l&#8217;editore del sito o i suoi aventi diritto hanno acquisito i diritti di utilizzo.<\/p>\n<p>Qualsiasi riproduzione, distribuzione, modifica, adattamento, ritrasmissione o pubblicazione, anche parziale, dei diversi elementi contenuti nel sito \u00e8 severamente vietata senza il consenso scritto dell&#8217;editore del sito. Questa rappresentazione o riproduzione, con qualsiasi mezzo, costituisce una contraffazione sanzionata dagli articoli L.335-2 e seguenti del Codice della propriet\u00e0 intellettuale.<\/p>\n<h2>Dati personali:<\/h2>\n<p>In generale, non siete tenuti a comunicare i vostri dati personali quando visitate il presente sito web.<\/p>\n<p>Tuttavia, se contattate l&#8217;editore del sito tramite il link di contatto email offerto sul nostro sito o utilizzate il modulo proposto online, potreste essere tenuti a comunicarci alcuni dati come: la vostra azienda, il vostro nome, il vostro indirizzo email e il vostro numero di telefono.<\/p>\n<p>Per ulteriori informazioni, consultate la nostra politica sulla privacy.<\/p>\n<h2>Cookies:<\/h2>\n<p>Il sito pu\u00f2 fare uso delle tecniche di &#8220;cookie&#8221;.<\/p>\n<p>Un &#8220;cookie&#8221; \u00e8 un file di piccole dimensioni (meno di 4 kb), memorizzato dal sito sul disco rigido dell&#8217;utente, contenente informazioni relative alle abitudini di navigazione dell&#8217;utente.<\/p>\n<p>Per ulteriori informazioni, consultate la nostra politica sui cookie.<\/p>\n<h2>Link ipertestuali:<\/h2>\n<p>L&#8217;editore del sito declina ogni responsabilit\u00e0 per quanto riguarda i siti internet che possiedono un link verso questo sito.<\/p>\n<p>Questo sito pu\u00f2 contenere link verso altri siti web. Questi link sono inseriti solo per scopi di accessibilit\u00e0 e l&#8217;editore del sito non assume alcuna responsabilit\u00e0 per il contenuto di tali siti. L&#8217;accesso a questi siti \u00e8 sotto la sola responsabilit\u00e0 dell&#8217;utente.<\/p>\n<h2>Controversie:<\/h2>\n<p>Le presenti condizioni sono regolate dalle leggi francesi e qualsiasi contestazione o controversia che possa sorgere dall&#8217;interpretazione o esecuzione delle stesse sar\u00e0 di competenza esclusiva dei tribunali cui appartiene la sede legale della societ\u00e0. La lingua di riferimento, per la risoluzione di eventuali controversie, \u00e8 il francese.<\/p>\n<\/div>\n\n","protected":false},"excerpt":{"rendered":"<p> [&hellip;]<\/p>\n","protected":false},"author":1,"featured_media":0,"parent":0,"menu_order":99,"comment_status":"closed","ping_status":"closed","template":"","meta":{"_acf_changed":false,"site-sidebar-layout":"default","site-content-layout":"default","ast-site-content-layout":"default","site-content-style":"default","site-sidebar-style":"default","ast-global-header-display":"","ast-banner-title-visibility":"","ast-main-header-display":"","ast-hfb-above-header-display":"","ast-hfb-below-header-display":"","ast-hfb-mobile-header-display":"","site-post-title":"","ast-breadcrumbs-content":"","ast-featured-img":"","footer-sml-layout":"","theme-transparent-header-meta":"disabled","adv-header-id-meta":"","stick-header-meta":"default","header-above-stick-meta":"","header-main-stick-meta":"","header-below-stick-meta":"","astra-migrate-meta-layouts":"set","ast-page-background-enabled":"default","ast-page-background-meta":{"desktop":{"background-color":"","background-image":"","background-repeat":"repeat","background-position":"center center","background-size":"auto","background-attachment":"scroll","background-type":"","background-media":"","overlay-type":"","overlay-color":"","overlay-opacity":"","overlay-gradient":""},"tablet":{"background-color":"","background-image":"","background-repeat":"repeat","background-position":"center center","background-size":"auto","background-attachment":"scroll","background-type":"","background-media":"","overlay-type":"","overlay-color":"","overlay-opacity":"","overlay-gradient":""},"mobile":{"background-color":"","background-image":"","background-repeat":"repeat","background-position":"center center","background-size":"auto","background-attachment":"scroll","background-type":"","background-media":"","overlay-type":"","overlay-color":"","overlay-opacity":"","overlay-gradient":""}},"ast-content-background-meta":{"desktop":{"background-color":"var(--ast-global-color-5)","background-image":"","background-repeat":"repeat","background-position":"center center","background-size":"auto","background-attachment":"scroll","background-type":"","background-media":"","overlay-type":"","overlay-color":"","overlay-opacity":"","overlay-gradient":""},"tablet":{"background-color":"var(--ast-global-color-5)","background-image":"","background-repeat":"repeat","background-position":"center center","background-size":"auto","background-attachment":"scroll","background-type":"","background-media":"","overlay-type":"","overlay-color":"","overlay-opacity":"","overlay-gradient":""},"mobile":{"background-color":"var(--ast-global-color-5)","background-image":"","background-repeat":"repeat","background-position":"center center","background-size":"auto","background-attachment":"scroll","background-type":"","background-media":"","overlay-type":"","overlay-color":"","overlay-opacity":"","overlay-gradient":""}},"footnotes":""},"class_list":["post-3106","page","type-page","status-publish","hentry"],"acf":[],"yoast_head":"<!-- This site is optimized with the Yoast SEO plugin v23.2 - https:\/\/yoast.com\/wordpress\/plugins\/seo\/ -->\n<title>Note legali\u00a0 ~ Aretency<\/title>\n<meta name=\"description\" content=\"Conformemente all&#039;articolo n\u00b06 della Legge n\u00b02004-575 del 21 Giugno 2004 per la fiducia nell&#039;economia digitale, i responsabili del presente sito web sono:\" \/>\n<meta name=\"robots\" content=\"index, follow, max-snippet:-1, max-image-preview:large, max-video-preview:-1\" \/>\n<link rel=\"canonical\" href=\"https:\/\/aretency.com\/it\/note-legali\/\" \/>\n<meta property=\"og:locale\" content=\"it_IT\" \/>\n<meta property=\"og:type\" content=\"article\" \/>\n<meta property=\"og:title\" content=\"Note legali\u00a0 ~ Aretency\" \/>\n<meta property=\"og:description\" content=\"Conformemente all&#039;articolo n\u00b06 della Legge n\u00b02004-575 del 21 Giugno 2004 per la fiducia nell&#039;economia digitale, i responsabili del presente sito web sono:\" \/>\n<meta property=\"og:url\" content=\"https:\/\/aretency.com\/it\/note-legali\/\" \/>\n<meta property=\"og:site_name\" content=\"Aretency\" \/>\n<meta property=\"article:modified_time\" content=\"2024-07-02T13:13:30+00:00\" \/>\n<meta name=\"twitter:card\" content=\"summary_large_image\" \/>\n<meta name=\"twitter:label1\" content=\"Tempo di lettura stimato\" \/>\n\t<meta name=\"twitter:data1\" content=\"4 minuti\" \/>\n<script type=\"application\/ld+json\" class=\"yoast-schema-graph\">{\"@context\":\"https:\/\/schema.org\",\"@graph\":[{\"@type\":\"WebPage\",\"@id\":\"https:\/\/aretency.com\/it\/note-legali\/\",\"url\":\"https:\/\/aretency.com\/it\/note-legali\/\",\"name\":\"Note legali\u00a0 ~ Aretency\",\"isPartOf\":{\"@id\":\"https:\/\/aretency.com\/it\/#website\"},\"datePublished\":\"2020-01-17T10:25:02+00:00\",\"dateModified\":\"2024-07-02T13:13:30+00:00\",\"description\":\"Conformemente all'articolo n\u00b06 della Legge n\u00b02004-575 del 21 Giugno 2004 per la fiducia nell'economia digitale, i responsabili del presente sito web sono:\",\"breadcrumb\":{\"@id\":\"https:\/\/aretency.com\/it\/note-legali\/#breadcrumb\"},\"inLanguage\":\"it-IT\",\"potentialAction\":[{\"@type\":\"ReadAction\",\"target\":[\"https:\/\/aretency.com\/it\/note-legali\/\"]}]},{\"@type\":\"BreadcrumbList\",\"@id\":\"https:\/\/aretency.com\/it\/note-legali\/#breadcrumb\",\"itemListElement\":[{\"@type\":\"ListItem\",\"position\":1,\"name\":\"Accueil\",\"item\":\"https:\/\/aretency.com\/it\/home\/\"},{\"@type\":\"ListItem\",\"position\":2,\"name\":\"Note legali\u00a0\"}]},{\"@type\":\"WebSite\",\"@id\":\"https:\/\/aretency.com\/it\/#website\",\"url\":\"https:\/\/aretency.com\/it\/\",\"name\":\"Aretency\",\"description\":\"\",\"publisher\":{\"@id\":\"https:\/\/aretency.com\/it\/#organization\"},\"potentialAction\":[{\"@type\":\"SearchAction\",\"target\":{\"@type\":\"EntryPoint\",\"urlTemplate\":\"https:\/\/aretency.com\/it\/?s={search_term_string}\"},\"query-input\":\"required name=search_term_string\"}],\"inLanguage\":\"it-IT\"},{\"@type\":\"Organization\",\"@id\":\"https:\/\/aretency.com\/it\/#organization\",\"name\":\"Aretency\",\"url\":\"https:\/\/aretency.com\/it\/\",\"logo\":{\"@type\":\"ImageObject\",\"inLanguage\":\"it-IT\",\"@id\":\"https:\/\/aretency.com\/it\/#\/schema\/logo\/image\/\",\"url\":\"https:\/\/aretency.com\/wp-content\/uploads\/logo-aretency-2.png\",\"contentUrl\":\"https:\/\/aretency.com\/wp-content\/uploads\/logo-aretency-2.png\",\"width\":556,\"height\":192,\"caption\":\"Aretency\"},\"image\":{\"@id\":\"https:\/\/aretency.com\/it\/#\/schema\/logo\/image\/\"},\"sameAs\":[\"https:\/\/www.linkedin.com\/in\/federica-radaelli-50964166\/\"]}]}<\/script>\n<!-- \/ Yoast SEO plugin. -->","yoast_head_json":{"title":"Note legali\u00a0 ~ Aretency","description":"Conformemente all'articolo n\u00b06 della Legge n\u00b02004-575 del 21 Giugno 2004 per la fiducia nell'economia digitale, i responsabili del presente sito web sono:","robots":{"index":"index","follow":"follow","max-snippet":"max-snippet:-1","max-image-preview":"max-image-preview:large","max-video-preview":"max-video-preview:-1"},"canonical":"https:\/\/aretency.com\/it\/note-legali\/","og_locale":"it_IT","og_type":"article","og_title":"Note legali\u00a0 ~ Aretency","og_description":"Conformemente all'articolo n\u00b06 della Legge n\u00b02004-575 del 21 Giugno 2004 per la fiducia nell'economia digitale, i responsabili del presente sito web sono:","og_url":"https:\/\/aretency.com\/it\/note-legali\/","og_site_name":"Aretency","article_modified_time":"2024-07-02T13:13:30+00:00","twitter_card":"summary_large_image","twitter_misc":{"Tempo di lettura stimato":"4 minuti"},"schema":{"@context":"https:\/\/schema.org","@graph":[{"@type":"WebPage","@id":"https:\/\/aretency.com\/it\/note-legali\/","url":"https:\/\/aretency.com\/it\/note-legali\/","name":"Note legali\u00a0 ~ Aretency","isPartOf":{"@id":"https:\/\/aretency.com\/it\/#website"},"datePublished":"2020-01-17T10:25:02+00:00","dateModified":"2024-07-02T13:13:30+00:00","description":"Conformemente all'articolo n\u00b06 della Legge n\u00b02004-575 del 21 Giugno 2004 per la fiducia nell'economia digitale, i responsabili del presente sito web sono:","breadcrumb":{"@id":"https:\/\/aretency.com\/it\/note-legali\/#breadcrumb"},"inLanguage":"it-IT","potentialAction":[{"@type":"ReadAction","target":["https:\/\/aretency.com\/it\/note-legali\/"]}]},{"@type":"BreadcrumbList","@id":"https:\/\/aretency.com\/it\/note-legali\/#breadcrumb","itemListElement":[{"@type":"ListItem","position":1,"name":"Accueil","item":"https:\/\/aretency.com\/it\/home\/"},{"@type":"ListItem","position":2,"name":"Note legali\u00a0"}]},{"@type":"WebSite","@id":"https:\/\/aretency.com\/it\/#website","url":"https:\/\/aretency.com\/it\/","name":"Aretency","description":"","publisher":{"@id":"https:\/\/aretency.com\/it\/#organization"},"potentialAction":[{"@type":"SearchAction","target":{"@type":"EntryPoint","urlTemplate":"https:\/\/aretency.com\/it\/?s={search_term_string}"},"query-input":"required name=search_term_string"}],"inLanguage":"it-IT"},{"@type":"Organization","@id":"https:\/\/aretency.com\/it\/#organization","name":"Aretency","url":"https:\/\/aretency.com\/it\/","logo":{"@type":"ImageObject","inLanguage":"it-IT","@id":"https:\/\/aretency.com\/it\/#\/schema\/logo\/image\/","url":"https:\/\/aretency.com\/wp-content\/uploads\/logo-aretency-2.png","contentUrl":"https:\/\/aretency.com\/wp-content\/uploads\/logo-aretency-2.png","width":556,"height":192,"caption":"Aretency"},"image":{"@id":"https:\/\/aretency.com\/it\/#\/schema\/logo\/image\/"},"sameAs":["https:\/\/www.linkedin.com\/in\/federica-radaelli-50964166\/"]}]}},"_links":{"self":[{"href":"https:\/\/aretency.com\/it\/wp-json\/wp\/v2\/pages\/3106"}],"collection":[{"href":"https:\/\/aretency.com\/it\/wp-json\/wp\/v2\/pages"}],"about":[{"href":"https:\/\/aretency.com\/it\/wp-json\/wp\/v2\/types\/page"}],"author":[{"embeddable":true,"href":"https:\/\/aretency.com\/it\/wp-json\/wp\/v2\/users\/1"}],"replies":[{"embeddable":true,"href":"https:\/\/aretency.com\/it\/wp-json\/wp\/v2\/comments?post=3106"}],"version-history":[{"count":1,"href":"https:\/\/aretency.com\/it\/wp-json\/wp\/v2\/pages\/3106\/revisions"}],"predecessor-version":[{"id":3107,"href":"https:\/\/aretency.com\/it\/wp-json\/wp\/v2\/pages\/3106\/revisions\/3107"}],"wp:attachment":[{"href":"https:\/\/aretency.com\/it\/wp-json\/wp\/v2\/media?parent=3106"}],"curies":[{"name":"wp","href":"https:\/\/api.w.org\/{rel}","templated":true}]}}